{"id":117,"date":"2019-09-16T09:25:46","date_gmt":"2019-09-16T09:25:46","guid":{"rendered":"https:\/\/www.demo.cosmoswp.com\/demo-1\/?page_id=92"},"modified":"2021-01-14T20:18:45","modified_gmt":"2021-01-14T23:18:45","slug":"home","status":"publish","type":"page","link":"https:\/\/avancaedu.com\/","title":{"rendered":"Home"},"content":{"rendered":"\n<section id=\"section-0f14b128-924e-40fd-8f60-43551a4f4662\" class=\"wp-block-gutentor-image-slider alignfull gutentor-section gutentor-image-slider imageSlider-template1 has-image-bg has-custom-bg has-gutentor-block-shape-bottom text-left\"><div class=\"gutentor-grid-item-wrap\"><div class=\"gutentor-slider-wrapper\" data-dots=\"false\" data-dots-tablet=\"false\" data-dots-mobile=\"false\" data-arrows=\"true\" data-arrows-tablet=\"false\" data-arrows-mobile=\"false\" data-infinite=\"true\" data-nextarrow=\"fas fa-angle-right\" data-prevarrow=\"fas fa-angle-left\" data-autoplay=\"true\" data-autoplayspeed=\"5000\" data-fade=\"false\" data-speed=\"1500\"><div class=\"gutentor-slider-item\"><div class=\"gutentor-single-item gutentor-single-item-0\"><div class=\"gutentor-single-item-wrap\"><div class=\"gutentor-single-item-image-box\"><div class=\"gutentor-bg-image\"><\/div><\/div><div class=\"gutentor-single-item-content\"><div class=\"grid-container\"><div class=\"slider-caption text-left\"><h2 class=\"gutentor-single-item-title\">Aprovando Mais<\/h2><p class=\"gutentor-single-item-desc\"><br>Contribuindo para a excel\u00eancia no ensino\/aprendizagem e aumentando a aprova\u00e7\u00e3o nas avalia\u00e7\u00f5es externas.<\/p><a class=\"gutentor-button gutentor-single-item-button gutentor-icon-hide\" href=\"http:\/\/aprovandomais.com\/sobre\"><i class=\"gutentor-button-icon fas fa-book\"><\/i><span>Saiba Mais<\/span><\/a><\/div><\/div><\/div><\/div><\/div><\/div><div class=\"gutentor-slider-item\"><div class=\"gutentor-single-item gutentor-single-item-1\"><div class=\"gutentor-single-item-wrap\"><div class=\"gutentor-single-item-image-box\"><div class=\"gutentor-bg-image\"><\/div><\/div><div class=\"gutentor-single-item-content\"><div class=\"grid-container\"><div class=\"slider-caption text-left\"><h2 class=\"gutentor-single-item-title\">Nossa Cole\u00e7\u00e3o<\/h2><p class=\"gutentor-single-item-desc\">Auxilia os alunos a desenvolverem e consolidarem as habilidades presentes nas avalia\u00e7\u00f5es do SAEB e na BNCC.<\/p><a class=\"gutentor-button gutentor-single-item-button gutentor-icon-hide\" href=\"http:\/\/aprovandomais.com\/sobre\/\"><i class=\"gutentor-button-icon fas fa-book\"><\/i><span>Saiba Mais<\/span><\/a><\/div><\/div><\/div><\/div><\/div><\/div><div class=\"gutentor-slider-item\"><div class=\"gutentor-single-item gutentor-single-item-2\"><div class=\"gutentor-single-item-wrap\"><div class=\"gutentor-single-item-image-box\"><div class=\"gutentor-bg-image\"><\/div><\/div><div class=\"gutentor-single-item-content\"><div class=\"grid-container\"><div class=\"slider-caption text-left\"><h2 class=\"gutentor-single-item-title\">Plataforma Web\/Mobile<\/h2><p class=\"gutentor-single-item-desc\">Na Plataforma Aprovando Mais, os resultados dos simulados podem ser facilmente registrados, propiciando uma vis\u00e3o ampla e espec\u00edfica do desempenho individual dos estudantes, das turmas e das escolas.<\/p><a class=\"gutentor-button gutentor-single-item-button gutentor-icon-hide\" href=\"http:\/\/aprovandomais.com\/sobre-no\/plataforma-aprovando-mais\/\"><i class=\"gutentor-button-icon fas fa-book\"><\/i><span>Saiba Mais<\/span><\/a><\/div><\/div><\/div><\/div><\/div><\/div><\/div><\/div><div class=\"gutentor-block-shape-bottom\"><span><svg width=\"100%\" viewBox=\"0 0 1280 86\" preserveAspectRatio=\"none\" xmlns=\"http:\/\/www.w3.org\/2000\/svg\"><g><path d=\"M1280 66.1c-3.8 0-7.6.3-11.4.8-18.3-32.6-59.6-44.2-92.2-25.9-3.5 2-6.9 4.3-10 6.9-22.7-41.7-74.9-57.2-116.6-34.5-14.2 7.7-25.9 19.3-33.8 33.3-.2.3-.3.6-.5.8-12.2-1.4-23.7 5.9-27.7 17.5-11.9-6.1-25.9-6.3-37.9-.6-21.7-30.4-64-37.5-94.4-15.7-12.1 8.6-21 21-25.4 35.2-10.8-9.3-24.3-15-38.5-16.2-8.1-24.6-34.6-38-59.2-29.9-14.3 4.7-25.5 16-30 30.3-4.3-1.9-8.9-3.2-13.6-3.8-13.6-45.5-61.5-71.4-107-57.8a86.38 86.38 0 0 0-43.2 29.4c-8.7-3.6-18.7-1.8-25.4 4.8-23.1-24.8-61.9-26.2-86.7-3.1-7.1 6.6-12.5 14.8-15.9 24-26.7-10.1-56.9-.4-72.8 23.3-2.6-2.7-5.6-5.1-8.9-6.9-.4-.2-.8-.4-1.2-.7-.6-25.9-22-46.4-47.9-45.8-11.5.3-22.5 4.7-30.9 12.5-16.5-33.5-57.1-47.3-90.6-30.8-21.9 11-36.3 32.7-37.6 57.1-7-2.3-14.5-2.8-21.8-1.6C84.8 47 55.7 40.7 34 54.8c-5.6 3.6-10.3 8.4-13.9 14-6.6-1.7-13.3-2.6-20.1-2.6-.1 0 0 19.8 0 19.8h1280V66.1z\" fill-opacity=\".5\" style=\"fill-rule:evenodd; transform: rotate(180deg); transform-origin:50% 50%;\"\/><path d=\"M15.6 86H1280V48.5c-3.6 1.1-7.1 2.5-10.4 4.4-6.3 3.6-11.8 8.5-16 14.5-8.1-1.5-16.4-.9-24.2 1.7-3.2-39-37.3-68.1-76.4-64.9-24.8 2-46.8 16.9-57.9 39.3-19.9-18.5-51-17.3-69.4 2.6-8.2 8.8-12.8 20.3-13.1 32.3-.4.2-.9.4-1.3.7-3.5 1.9-6.6 4.4-9.4 7.2-16.6-24.9-48.2-35-76.2-24.4-12.2-33.4-49.1-50.6-82.5-38.4-9.5 3.5-18.1 9.1-25 16.5-7.1-6.9-17.5-8.8-26.6-5-30.4-39.3-87-46.3-126.2-15.8-14.8 11.5-25.6 27.4-31 45.4-4.9.6-9.7 1.9-14.2 3.9-8.2-25.9-35.8-40.2-61.7-32-15 4.8-26.9 16.5-31.8 31.5-14.9 1.3-29 7.2-40.3 17-11.5-37.4-51.2-58.4-88.7-46.8-14.8 4.6-27.7 13.9-36.7 26.5-12.6-6-27.3-5.7-39.7.6-4.1-12.2-16.2-19.8-29-18.4-.2-.3-.3-.6-.5-.9-24.4-43.3-79.4-58.6-122.7-34.2-13.3 7.5-24.4 18.2-32.4 31.2C99.8 18.5 50 28.5 25.4 65.4c-4.3 6.4-7.5 13.3-9.8 20.6z\" style=\"fill-rule:evenodd; transform: rotate(180deg); transform-origin:50% 50%;\"\/><\/g><\/svg><\/span><\/div><\/section>\n\n\n\n<section id=\"section-a4c17802-5543-41ec-b70c-04455d62b766\" class=\"wp-block-gutentor-counter-box gutentor-section gutentor-counter-wrapper counter-template3 has-image-bg has-custom-bg has-gutentor-overlay wow animated zoomIn text-left\" data-wow-animation=\"zoomIn\" data-wow-delay=\"\" data-wow-speed=\"\" data-wow-iteration=\"\"><div class=\"grid-container\"><div class=\"grid-row gutentor-grid-item-wrap wow animated zoomIn\" data-wow-animation=\"zoomIn\" data-wow-delay=\"\" data-wow-speed=\"\" data-wow-iteration=\"1\"><div class=\"gutentor-grid-column grid-lg-3 grid-md-3 grid-12\"><div class=\"gutentor-single-item gutentor-counter gutentor-single-item-0\"><div class=\"gutentor-single-item-wrap\"><div class=\"gutentor-single-item-icon-box\"><i class=\"fas fa-location-arrow\"><\/i><\/div><div class=\"gutentor-single-item-content\"><p class=\"gutentor-single-item-number\" data-duration=\"2\" data-start=\"0\" data-end=\"20\"><\/p><h3 class=\"gutentor-single-item-title\">MUNIC\u00cdPIOS<\/h3><\/div><\/div><\/div><\/div><div class=\"gutentor-grid-column grid-lg-3 grid-md-3 grid-12\"><div class=\"gutentor-single-item gutentor-counter gutentor-single-item-1\"><div class=\"gutentor-single-item-wrap\"><div class=\"gutentor-single-item-icon-box\"><i class=\"fas fa-school\"><\/i><\/div><div class=\"gutentor-single-item-content\"><p class=\"gutentor-single-item-number\" data-duration=\"2\" data-start=\"0\" data-end=\"150\"><\/p><h3 class=\"gutentor-single-item-title\">ESCOLAS<\/h3><\/div><\/div><\/div><\/div><div class=\"gutentor-grid-column grid-lg-3 grid-md-3 grid-12\"><div class=\"gutentor-single-item gutentor-counter gutentor-single-item-2\"><div class=\"gutentor-single-item-wrap\"><div class=\"gutentor-single-item-icon-box\"><i class=\"fas fa-child\"><\/i><\/div><div class=\"gutentor-single-item-content\"><p class=\"gutentor-single-item-number\" data-duration=\"2\" data-start=\"0\" data-end=\"855\"><\/p><h3 class=\"gutentor-single-item-title\">ALUNOS<\/h3><\/div><\/div><\/div><\/div><div class=\"gutentor-grid-column grid-lg-3 grid-md-3 grid-12\"><div class=\"gutentor-single-item gutentor-counter gutentor-single-item-3\"><div class=\"gutentor-single-item-wrap\"><div class=\"gutentor-single-item-icon-box\"><i class=\"far fa-smile\"><\/i><\/div><div class=\"gutentor-single-item-content\"><p class=\"gutentor-single-item-number\" data-duration=\"2\" data-start=\"0\" data-end=\"90\"><\/p><h3 class=\"gutentor-single-item-title\">% Aprova\u00e7\u00e3o<\/h3><\/div><\/div><\/div><\/div><\/div><\/div><\/section>\n\n\n<section class=\"gutentor-section gutentor-blog-post-wrapper blog-template1  has-color-bg has-custom-bg\" id=\"section-64d69f8e-b329-430c-9da1-86f7f72e27ac\" >\n<div class='grid-container'><div class=\"gutentor-block-header\"><\/div><div class='gutentor-grid-item-wrap '  ><div class='grid-row ' ><article class='gutentor-post-has-thumb  grid-lg-6 grid-md-4 grid-12 blog-grid'><div class=\"gutentor-single-item\"><div class=\"gutentor-single-item-image-box\"><div class=\"gutentor-image-thumb\"><img loading=\"lazy\" decoding=\"async\" width=\"1920\" height=\"1280\" src=\"https:\/\/avancaedu.com\/wp-content\/uploads\/2021\/01\/teacher-4784917_1920.jpg\" class=\"attachment- size- wp-post-image\" alt=\"\" srcset=\"https:\/\/avancaedu.com\/wp-content\/uploads\/2021\/01\/teacher-4784917_1920.jpg 1920w, https:\/\/avancaedu.com\/wp-content\/uploads\/2021\/01\/teacher-4784917_1920-300x200.jpg 300w, https:\/\/avancaedu.com\/wp-content\/uploads\/2021\/01\/teacher-4784917_1920-1024x683.jpg 1024w, https:\/\/avancaedu.com\/wp-content\/uploads\/2021\/01\/teacher-4784917_1920-768x512.jpg 768w, https:\/\/avancaedu.com\/wp-content\/uploads\/2021\/01\/teacher-4784917_1920-1536x1024.jpg 1536w\" sizes=\"auto, (max-width: 1920px) 100vw, 1920px\" \/><\/div><\/div><div class=\"gutentor-post-content\"><h3 class=\"gutentor-single-item-title\"><a href=\"https:\/\/avancaedu.com\/?p=455\" rel=\"bookmark\">Dicas para motivar professores<\/a><\/h3><div class=\"entry-meta\"><div class=\"posted-on\"><i class=\"far fa-calendar-alt\"><\/i><a href=\"https:\/\/avancaedu.com\/?p=455\" rel=\"bookmark\">janeiro 5, 2021<\/a><\/div><\/div><\/div><\/div><\/article><article class='gutentor-post-has-thumb  grid-lg-6 grid-md-4 grid-12 blog-grid'><div class=\"gutentor-single-item\"><div class=\"gutentor-single-item-image-box\"><div class=\"gutentor-image-thumb\"><img loading=\"lazy\" decoding=\"async\" width=\"1920\" height=\"1280\" src=\"https:\/\/avancaedu.com\/wp-content\/uploads\/2021\/01\/education-3189934_1920.jpg\" class=\"attachment- size- wp-post-image\" alt=\"\" srcset=\"https:\/\/avancaedu.com\/wp-content\/uploads\/2021\/01\/education-3189934_1920.jpg 1920w, https:\/\/avancaedu.com\/wp-content\/uploads\/2021\/01\/education-3189934_1920-300x200.jpg 300w, https:\/\/avancaedu.com\/wp-content\/uploads\/2021\/01\/education-3189934_1920-1024x683.jpg 1024w, https:\/\/avancaedu.com\/wp-content\/uploads\/2021\/01\/education-3189934_1920-768x512.jpg 768w, https:\/\/avancaedu.com\/wp-content\/uploads\/2021\/01\/education-3189934_1920-1536x1024.jpg 1536w\" sizes=\"auto, (max-width: 1920px) 100vw, 1920px\" \/><\/div><\/div><div class=\"gutentor-post-content\"><h3 class=\"gutentor-single-item-title\"><a href=\"https:\/\/avancaedu.com\/?p=443\" rel=\"bookmark\">Como organizar a sua escola antes da avalia\u00e7\u00e3o externa<\/a><\/h3><div class=\"entry-meta\"><div class=\"posted-on\"><i class=\"far fa-calendar-alt\"><\/i><a href=\"https:\/\/avancaedu.com\/?p=443\" rel=\"bookmark\">janeiro 5, 2021<\/a><\/div><\/div><\/div><\/div><\/article><\/div><\/div><\/div><\/section>\n\n\n<section id=\"section-7ee156ac-7a30-4aec-bb11-978ee10e31e2\" class=\"wp-block-gutentor-testimonial gutentor-section gutentor-testimonial testimonial-template3 has-color-bg has-custom-bg\"><div class=\"grid-container\"><div class=\"gutentor-block-header\"><div class=\"gutentor-section-title text-center\"><h2 class=\"gutentor-title\">Palavras de nossos clientes<\/h2><\/div><\/div><div class=\"grid-row gutentor-grid-item-wrap\"><div class=\"gutentor-grid-column grid-lg-12 grid-md-12 grid-12\"><div class=\"gutentor-single-item gutentor-single-item-0\"><div class=\"gutentor-single-item-content\"><div class=\"gutentor-single-item-image-box\"><div class=\"gutentor-image-thumb\"><img decoding=\"async\" class=\"normal-image\" src=\"http:\/\/aprovandomais.com\/wp-content\/uploads\/2019\/09\/circle-image-2.png\" alt=\"\"\/><\/div><\/div><div class=\"gutentor-testimonial-content\"><div class=\"gutentor-testimonial-author\"><h4 class=\"gutentor-single-item-title\">Jarred Letto<\/h4><p class=\"gutentor-single-item-designation\">Secret\u00e1rio de educa\u00e7\u00e3o<\/p><\/div><p class=\"gutentor-single-item-desc\">O projeto Aprovando Mais tem sido um grande aliado na melhoria dos \u00edndices educacionais em nosso munic\u00edpio. Em 2021, n\u00e3o s\u00f3 atingimos as metas do IDEB, mas as ultrapassamos em 10%. Para al\u00e9m desses resultados, e n\u00e3o menos importante, podemos dizer que o ensino\/aprendizagem em nossa cidade teve n\u00edtida evolu\u00e7\u00e3o desde que adotamos o projeto Aprovando Mais.<\/p><\/div><\/div><\/div><\/div><\/div><\/div><\/section>\n\n\n\n<section id=\"section-736b9ea1-4739-46af-a650-e4a94391a8b3\" class=\"wp-block-gutentor-call-to-action gutentor-section  gutentor-calltoaction call-to-action-template3 has-image-bg has-custom-bg has-gutentor-overlay text-left\"><div class=\"grid-container\"><div class=\"gutentor-grid-item-wrap wow animated zoomIn\" data-wow-animation=\"zoomIn\" data-wow-delay=\"\" data-wow-speed=\"\" data-wow-iteration=\"1\"><div class=\"gutentor-single-item\"><div class=\"gutentor-single-item-content\"><h2 class=\"gutentor-single-item-title\">Melhore a avalia\u00e7\u00e3o educacional do seu munic\u00edpio.<br><\/h2><div class=\"gutentor-single-item-desc\"><p class=\"gutentor-single-item-desc\"><strong>Conte conosco para alcan\u00e7ar e superar as metas do IDEB. <\/strong><\/p><\/div><div class=\"gutentor-button-group\"><a class=\"gutentor-button gutentor-single-item-button gutentor-icon-hide\" href=\"https:\/\/api.whatsapp.com\/send?phone=5585989705909\"><i class=\"gutentor-button-icon fas fa-book\"><\/i><span>CONTATE-NOS<\/span><\/a><\/div><\/div><\/div><\/div><\/div><\/section>\n\n\n\n<p><\/p>\n","protected":false},"excerpt":{"rendered":"","protected":false},"author":1,"featured_media":281,"parent":0,"menu_order":0,"comment_status":"closed","ping_status":"closed","template":"template-gutentor-full-width.php","meta":{"footnotes":""},"class_list":["post-117","page","type-page","status-publish","has-post-thumbnail","hentry"],"_links":{"self":[{"href":"https:\/\/avancaedu.com\/index.php?rest_route=\/wp\/v2\/pages\/117","targetHints":{"allow":["GET"]}}],"collection":[{"href":"https:\/\/avancaedu.com\/index.php?rest_route=\/wp\/v2\/pages"}],"about":[{"href":"https:\/\/avancaedu.com\/index.php?rest_route=\/wp\/v2\/types\/page"}],"author":[{"embeddable":true,"href":"https:\/\/avancaedu.com\/index.php?rest_route=\/wp\/v2\/users\/1"}],"replies":[{"embeddable":true,"href":"https:\/\/avancaedu.com\/index.php?rest_route=%2Fwp%2Fv2%2Fcomments&post=117"}],"version-history":[{"count":103,"href":"https:\/\/avancaedu.com\/index.php?rest_route=\/wp\/v2\/pages\/117\/revisions"}],"predecessor-version":[{"id":605,"href":"https:\/\/avancaedu.com\/index.php?rest_route=\/wp\/v2\/pages\/117\/revisions\/605"}],"wp:featuredmedia":[{"embeddable":true,"href":"https:\/\/avancaedu.com\/index.php?rest_route=\/wp\/v2\/media\/281"}],"wp:attachment":[{"href":"https:\/\/avancaedu.com\/index.php?rest_route=%2Fwp%2Fv2%2Fmedia&parent=117"}],"curies":[{"name":"wp","href":"https:\/\/api.w.org\/{rel}","templated":true}]}}